{"id":398,"date":"2019-02-24T13:38:02","date_gmt":"2019-02-24T12:38:02","guid":{"rendered":"http:\/\/karavanfilms.com\/newsite\/wp?page_id=398"},"modified":"2024-08-01T13:26:17","modified_gmt":"2024-08-01T11:26:17","slug":"homepage_es-2","status":"publish","type":"page","link":"https:\/\/karavanfilms.com\/en\/","title":{"rendered":"Home"},"content":{"rendered":"<div class=\"wpb-content-wrapper\">[vc_row full_width=&#8221;stretch_row_content_no_spaces&#8221; content_placement=&#8221;top&#8221; full_height=&#8221;yes&#8221; remove_bottom_col_margin=&#8221;true&#8221;][vc_column][vc_raw_html css=&#8221;&#8221;]W2N1c3RvbV9zd2lwZXJd[\/vc_raw_html][\/vc_column][\/vc_row]\n<\/div>","protected":false},"excerpt":{"rendered":"<p>[vc_row full_width=&#8221;stretch_row_content_no_spaces&#8221; content_placement=&#8221;top&#8221; full_height=&#8221;yes&#8221; remove_bottom_col_margin=&#8221;true&#8221;][vc_column][vc_raw_html css=&#8221;&#8221;]W2N1c3RvbV9zd2lwZXJd[\/vc_raw_html][\/vc_column][\/vc_row]<\/p>\n","protected":false},"author":1,"featured_media":0,"parent":0,"menu_order":0,"comment_status":"closed","ping_status":"closed","template":"","meta":{"_acf_changed":false,"footnotes":""},"class_list":["post-398","page","type-page","status-publish","hentry","entry","no-media"],"acf":[],"yoast_head":"<!-- This site is optimized with the Yoast SEO plugin v23.4 - https:\/\/yoast.com\/wordpress\/plugins\/seo\/ -->\n<title>Home - Karavan Films<\/title>\n<meta name=\"description\" content=\"Somos una productora de contenidos audiovisuales. Pensamos, sentimos y producimos los formatos de v\u00eddeo m\u00e1s adecuados llegando al coraz\u00f3n a trav\u00e9s de la cabeza.\" \/>\n<meta name=\"robots\" content=\"index, follow, max-snippet:-1, max-image-preview:large, max-video-preview:-1\" \/>\n<link rel=\"canonical\" href=\"https:\/\/karavanfilms.com\/en\/homepage_es-2\/\" \/>\n<meta property=\"og:locale\" content=\"en_US\" \/>\n<meta property=\"og:type\" content=\"article\" \/>\n<meta property=\"og:title\" content=\"homepage_es\" \/>\n<meta property=\"og:description\" content=\"Somos una productora de contenidos audiovisuales. Pensamos, sentimos y producimos los formatos de v\u00eddeo m\u00e1s adecuados llegando al coraz\u00f3n a trav\u00e9s de la cabeza.\" \/>\n<meta property=\"og:url\" content=\"https:\/\/karavanfilms.com\/en\/homepage_es-2\/\" \/>\n<meta property=\"og:site_name\" content=\"Karavan Films\" \/>\n<meta property=\"article:modified_time\" content=\"2024-08-01T11:26:17+00:00\" \/>\n<meta property=\"og:image\" content=\"https:\/\/karavanfilms.com\/wp-content\/uploads\/2018\/09\/Logo_Karavan.jpg\" \/>\n\t<meta property=\"og:image:width\" content=\"1728\" \/>\n\t<meta property=\"og:image:height\" content=\"1080\" \/>\n\t<meta property=\"og:image:type\" content=\"image\/jpeg\" \/>\n<meta name=\"twitter:card\" content=\"summary_large_image\" \/>\n<meta name=\"twitter:title\" content=\"homepage_es\" \/>\n<meta name=\"twitter:description\" content=\"Somos una productora de contenidos audiovisuales. Pensamos, sentimos y producimos los formatos de v\u00eddeo m\u00e1s adecuados llegando al coraz\u00f3n a trav\u00e9s de la cabeza.\" \/>\n<script type=\"application\/ld+json\" class=\"yoast-schema-graph\">{\"@context\":\"https:\/\/schema.org\",\"@graph\":[{\"@type\":\"WebPage\",\"@id\":\"https:\/\/karavanfilms.com\/en\/homepage_es-2\/\",\"url\":\"https:\/\/karavanfilms.com\/en\/homepage_es-2\/\",\"name\":\"Home - Karavan Films\",\"isPartOf\":{\"@id\":\"https:\/\/karavanfilms.com\/#website\"},\"datePublished\":\"2019-02-24T12:38:02+00:00\",\"dateModified\":\"2024-08-01T11:26:17+00:00\",\"description\":\"Somos una productora de contenidos audiovisuales. Pensamos, sentimos y producimos los formatos de v\u00eddeo m\u00e1s adecuados llegando al coraz\u00f3n a trav\u00e9s de la cabeza.\",\"breadcrumb\":{\"@id\":\"https:\/\/karavanfilms.com\/en\/homepage_es-2\/#breadcrumb\"},\"inLanguage\":\"en-US\",\"potentialAction\":[{\"@type\":\"ReadAction\",\"target\":[\"https:\/\/karavanfilms.com\/en\/homepage_es-2\/\"]}]},{\"@type\":\"BreadcrumbList\",\"@id\":\"https:\/\/karavanfilms.com\/en\/homepage_es-2\/#breadcrumb\",\"itemListElement\":[{\"@type\":\"ListItem\",\"position\":1,\"name\":\"Portada\",\"item\":\"https:\/\/karavanfilms.com\/en\/homepage_es-2\/\"},{\"@type\":\"ListItem\",\"position\":2,\"name\":\"Home\"}]},{\"@type\":\"WebSite\",\"@id\":\"https:\/\/karavanfilms.com\/#website\",\"url\":\"https:\/\/karavanfilms.com\/\",\"name\":\"Karavan Films\",\"description\":\"Productora de continguts audiovisuals per a empreses, ag\u00e8ncies i TV.\",\"publisher\":{\"@id\":\"https:\/\/karavanfilms.com\/#organization\"},\"potentialAction\":[{\"@type\":\"SearchAction\",\"target\":{\"@type\":\"EntryPoint\",\"urlTemplate\":\"https:\/\/karavanfilms.com\/?s={search_term_string}\"},\"query-input\":{\"@type\":\"PropertyValueSpecification\",\"valueRequired\":true,\"valueName\":\"search_term_string\"}}],\"inLanguage\":\"en-US\"},{\"@type\":\"Organization\",\"@id\":\"https:\/\/karavanfilms.com\/#organization\",\"name\":\"Karavan Films\",\"url\":\"https:\/\/karavanfilms.com\/\",\"logo\":{\"@type\":\"ImageObject\",\"inLanguage\":\"en-US\",\"@id\":\"https:\/\/karavanfilms.com\/#\/schema\/logo\/image\/\",\"url\":\"https:\/\/karavanfilms.com\/wp-content\/uploads\/2018\/07\/logo.svg\",\"contentUrl\":\"https:\/\/karavanfilms.com\/wp-content\/uploads\/2018\/07\/logo.svg\",\"caption\":\"Karavan Films\"},\"image\":{\"@id\":\"https:\/\/karavanfilms.com\/#\/schema\/logo\/image\/\"},\"sameAs\":[\"https:\/\/vimeo.com\/karavanfilms\",\"https:\/\/www.linkedin.com\/company\/karavan-films\/\"]}]}<\/script>\n<!-- \/ Yoast SEO plugin. -->","yoast_head_json":{"title":"Home - Karavan Films","description":"Somos una productora de contenidos audiovisuales. Pensamos, sentimos y producimos los formatos de v\u00eddeo m\u00e1s adecuados llegando al coraz\u00f3n a trav\u00e9s de la cabeza.","robots":{"index":"index","follow":"follow","max-snippet":"max-snippet:-1","max-image-preview":"max-image-preview:large","max-video-preview":"max-video-preview:-1"},"canonical":"https:\/\/karavanfilms.com\/en\/homepage_es-2\/","og_locale":"en_US","og_type":"article","og_title":"homepage_es","og_description":"Somos una productora de contenidos audiovisuales. Pensamos, sentimos y producimos los formatos de v\u00eddeo m\u00e1s adecuados llegando al coraz\u00f3n a trav\u00e9s de la cabeza.","og_url":"https:\/\/karavanfilms.com\/en\/homepage_es-2\/","og_site_name":"Karavan Films","article_modified_time":"2024-08-01T11:26:17+00:00","og_image":[{"width":1728,"height":1080,"url":"https:\/\/karavanfilms.com\/wp-content\/uploads\/2018\/09\/Logo_Karavan.jpg","type":"image\/jpeg"}],"twitter_card":"summary_large_image","twitter_title":"homepage_es","twitter_description":"Somos una productora de contenidos audiovisuales. Pensamos, sentimos y producimos los formatos de v\u00eddeo m\u00e1s adecuados llegando al coraz\u00f3n a trav\u00e9s de la cabeza.","schema":{"@context":"https:\/\/schema.org","@graph":[{"@type":"WebPage","@id":"https:\/\/karavanfilms.com\/en\/homepage_es-2\/","url":"https:\/\/karavanfilms.com\/en\/homepage_es-2\/","name":"Home - Karavan Films","isPartOf":{"@id":"https:\/\/karavanfilms.com\/#website"},"datePublished":"2019-02-24T12:38:02+00:00","dateModified":"2024-08-01T11:26:17+00:00","description":"Somos una productora de contenidos audiovisuales. Pensamos, sentimos y producimos los formatos de v\u00eddeo m\u00e1s adecuados llegando al coraz\u00f3n a trav\u00e9s de la cabeza.","breadcrumb":{"@id":"https:\/\/karavanfilms.com\/en\/homepage_es-2\/#breadcrumb"},"inLanguage":"en-US","potentialAction":[{"@type":"ReadAction","target":["https:\/\/karavanfilms.com\/en\/homepage_es-2\/"]}]},{"@type":"BreadcrumbList","@id":"https:\/\/karavanfilms.com\/en\/homepage_es-2\/#breadcrumb","itemListElement":[{"@type":"ListItem","position":1,"name":"Portada","item":"https:\/\/karavanfilms.com\/en\/homepage_es-2\/"},{"@type":"ListItem","position":2,"name":"Home"}]},{"@type":"WebSite","@id":"https:\/\/karavanfilms.com\/#website","url":"https:\/\/karavanfilms.com\/","name":"Karavan Films","description":"Productora de continguts audiovisuals per a empreses, ag\u00e8ncies i TV.","publisher":{"@id":"https:\/\/karavanfilms.com\/#organization"},"potentialAction":[{"@type":"SearchAction","target":{"@type":"EntryPoint","urlTemplate":"https:\/\/karavanfilms.com\/?s={search_term_string}"},"query-input":{"@type":"PropertyValueSpecification","valueRequired":true,"valueName":"search_term_string"}}],"inLanguage":"en-US"},{"@type":"Organization","@id":"https:\/\/karavanfilms.com\/#organization","name":"Karavan Films","url":"https:\/\/karavanfilms.com\/","logo":{"@type":"ImageObject","inLanguage":"en-US","@id":"https:\/\/karavanfilms.com\/#\/schema\/logo\/image\/","url":"https:\/\/karavanfilms.com\/wp-content\/uploads\/2018\/07\/logo.svg","contentUrl":"https:\/\/karavanfilms.com\/wp-content\/uploads\/2018\/07\/logo.svg","caption":"Karavan Films"},"image":{"@id":"https:\/\/karavanfilms.com\/#\/schema\/logo\/image\/"},"sameAs":["https:\/\/vimeo.com\/karavanfilms","https:\/\/www.linkedin.com\/company\/karavan-films\/"]}]}},"_links":{"self":[{"href":"https:\/\/karavanfilms.com\/en\/wp-json\/wp\/v2\/pages\/398"}],"collection":[{"href":"https:\/\/karavanfilms.com\/en\/wp-json\/wp\/v2\/pages"}],"about":[{"href":"https:\/\/karavanfilms.com\/en\/wp-json\/wp\/v2\/types\/page"}],"author":[{"embeddable":true,"href":"https:\/\/karavanfilms.com\/en\/wp-json\/wp\/v2\/users\/1"}],"replies":[{"embeddable":true,"href":"https:\/\/karavanfilms.com\/en\/wp-json\/wp\/v2\/comments?post=398"}],"version-history":[{"count":9,"href":"https:\/\/karavanfilms.com\/en\/wp-json\/wp\/v2\/pages\/398\/revisions"}],"predecessor-version":[{"id":1563,"href":"https:\/\/karavanfilms.com\/en\/wp-json\/wp\/v2\/pages\/398\/revisions\/1563"}],"wp:attachment":[{"href":"https:\/\/karavanfilms.com\/en\/wp-json\/wp\/v2\/media?parent=398"}],"curies":[{"name":"wp","href":"https:\/\/api.w.org\/{rel}","templated":true}]}}