{"id":291,"date":"2018-07-02T22:57:24","date_gmt":"2018-07-02T20:57:24","guid":{"rendered":"http:\/\/karavanfilms.com\/newsite\/wp\/about"},"modified":"2024-07-28T19:25:37","modified_gmt":"2024-07-28T17:25:37","slug":"about","status":"publish","type":"page","link":"https:\/\/karavanfilms.com\/ca\/about\/","title":{"rendered":"About"},"content":{"rendered":"<div class=\"wpb-content-wrapper\">[vc_row full_width=&#8221;stretch_row_content&#8221; offset_overlay_header=&#8221;yes&#8221;][vc_column]<style>.vcex-image.vcex_69d2a5aad6a48 .vcex-image-inner{max-width:980px;}<\/style><figure class=\"vcex-image vcex-module textcenter vcex_69d2a5aad6a48\"><div class=\"vcex-image-inner wpex-relative wpex-inline-block\"><img width=\"1920\" height=\"1080\" data-src=\"https:\/\/karavanfilms.com\/wp-content\/uploads\/2019\/01\/logo_karavan_loop_positivo_1.gif\" class=\"vcex-image-img wpex-align-middle lazyload\" loading=\"lazy\" decoding=\"async\" src=\"data:image\/gif;base64,R0lGODlhAQABAAAAACH5BAEKAAEALAAAAAABAAEAAAICTAEAOw==\" style=\"--smush-placeholder-width: 1920px; --smush-placeholder-aspect-ratio: 1920\/1080;\" \/><noscript><img width=\"1920\" height=\"1080\" src=\"https:\/\/karavanfilms.com\/wp-content\/uploads\/2019\/01\/logo_karavan_loop_positivo_1.gif\" class=\"vcex-image-img wpex-align-middle\" loading=\"lazy\" decoding=\"async\" \/><\/noscript><\/div><\/figure>[vc_column_text css=&#8221;&#8221; font_size=&#8221;d:25|tl:25|tp:25|pl:23|pp:23&#8243; font_family=&#8221;SharpGrotesk&#8221; text_align=&#8221;center&#8221; width=&#8221;1200&#8243; font_weight=&#8221;400&#8243; line_height=&#8221;1.5&#8243; color=&#8221;#282828&#8243;]Des de sempre, les hist\u00f2ries s\u2019han creat per donar sentit a les coses. Per aix\u00f2 nosaltres ens movem amb elles.<\/p>\n<p>Imaginatius, vers\u00e0tils i precisos. Pensem, sentim i produ\u00efm els formats de v\u00eddeo m\u00e9s adients arribant al cor a trav\u00e9s del cap.<\/p>\n<p>Els nostres clients s\u00f3n marques, institucions, canals de TV, ag\u00e8ncies, estudis i molts d\u2019ells, amics. Aix\u00f2 ens permet seguir fent el que m\u00e9s ens agrada: explicar i compartir hist\u00f2ries.<\/p>\n<p>&nbsp;<\/p>\n<p style=\"text-align: center;\"><strong>Serveis<\/strong><\/p>\n<p>Continguts de marca per xxss, publicitat tv, v\u00eddeos corporatius, cobertura d\u2019esdeveniments, motion graphics i animaci\u00f3 2D\/3D, streaming, v\u00eddeo 360, fotografia, documentals i s\u00e8ries documentals, v\u00eddeos de formaci\u00f3, audiovisuals muse\u00edstics, podcasts, webinars.[\/vc_column_text][\/vc_column][\/vc_row][vc_row css_animation=&#8221;bottom-to-top&#8221; disable_element=&#8221;yes&#8221; css=&#8221;.vc_custom_1721143298651{margin-top: 100px !important;}&#8221;][vc_column width=&#8221;1\/4&#8243;]<style>.vcex-heading.vcex_69d2a5aad7e71{font-size:15px;font-weight:600;}<\/style><div class=\"vcex-heading vcex-heading-plain vcex-module wpex-heading wpex-text-2xl wpex-text-center vc_custom_1721142436804 vcex_69d2a5aad7e71\"><span class=\"vcex-heading-inner wpex-inline-block\">Empreses<\/span><\/div>[vc_column_text css=&#8221;&#8221; text_align=&#8221;center&#8221;]Amazon<br \/>\nBacardi<br \/>\nBBVA<br \/>\nBoehringer Ingelheim<br \/>\nChiesi<br \/>\nDanone<br \/>\nESADE<br \/>\nEuropastry<br \/>\nHenkel<br \/>\nKantar<br \/>\nLatinia<br \/>\nLilly<br \/>\nMercabarna<br \/>\nMercedes<br \/>\nNestl\u00e9<br \/>\nNovartis<br \/>\nNutrexpa<br \/>\nObra Social \u201cla Caixa\u201d<br \/>\nPlaneta<br \/>\nSegura Viudas<br \/>\nSolan de Cabras<br \/>\nSolvia<br \/>\nTelef\u00f3nica<br \/>\nUnilever[\/vc_column_text][\/vc_column][vc_column width=&#8221;1\/4&#8243;]<style>.vcex-heading.vcex_69d2a5aada177{font-size:15px;font-weight:600;}<\/style><div class=\"vcex-heading vcex-heading-plain vcex-module wpex-heading wpex-text-2xl wpex-text-center vc_custom_1721142446308 vcex_69d2a5aada177\"><span class=\"vcex-heading-inner wpex-inline-block\">Ag\u00e8ncies<\/span><\/div>[vc_column_text css=&#8221;&#8221; text_align=&#8221;center&#8221;]Amor Ciego<br \/>\nBit comunicaci\u00f3n<br \/>\nDDB<br \/>\nDiomira<br \/>\ne-Bridge<br \/>\nEs Cucurucuc<br \/>\nEvil Love<br \/>\nFirma<br \/>\nFotonauta<br \/>\nGal\u00e8nia<br \/>\nGrey<br \/>\nHill&amp;Knowlton<br \/>\nHuman Side<br \/>\nKerygma<br \/>\nLa Kantera creativa<br \/>\nLa Pinza<br \/>\nManifiesto<br \/>\nMarketing Vivo<br \/>\nMucho<br \/>\nProximia<br \/>\nSpora<br \/>\nVertigo graphix<br \/>\nZoopa[\/vc_column_text][\/vc_column][vc_column width=&#8221;1\/4&#8243;]<style>.vcex-heading.vcex_69d2a5aada65c{font-size:15px;font-weight:600;}<\/style><div class=\"vcex-heading vcex-heading-plain vcex-module wpex-heading wpex-text-2xl wpex-text-center vc_custom_1720125047881 vcex_69d2a5aada65c\"><span class=\"vcex-heading-inner wpex-inline-block\">TV<\/span><\/div>[vc_column_text css=&#8221;&#8221; text_align=&#8221;center&#8221;]TV3<br \/>\nCanal 33<br \/>\nTVE<br \/>\nBTV<br \/>\nXTVL[\/vc_column_text][\/vc_column][vc_column width=&#8221;1\/4&#8243;]<style>.vcex-heading.vcex_69d2a5aadaa97{font-size:15px;font-weight:600;}<\/style><div class=\"vcex-heading vcex-heading-plain vcex-module wpex-heading wpex-text-2xl wpex-text-center vc_custom_1721142452493 vcex_69d2a5aadaa97\"><span class=\"vcex-heading-inner wpex-inline-block\">Institucions<\/span><\/div>[vc_column_text css=&#8221;&#8221; text_align=&#8221;center&#8221;]Ag\u00e8ncia Catalana de l\u2019Aigua<br \/>\nAjuntament de Barcelona<br \/>\nAjuntament de Viladecans<br \/>\n\u00c0rea metropolitana de Barcelona<br \/>\nBarcelona Activa<br \/>\nDiputaci\u00f3 de Barcelona<br \/>\nDiputaci\u00f3 de Tarragona<br \/>\nGeneralitat de Catalunya<br \/>\nIRHUVH<br \/>\nInsititut d\u2019Estudis Catalans<br \/>\nInstitut de Seguretat P\u00fablica<br \/>\nMercats de Barcelona<br \/>\nMNACTEC<br \/>\nMuseu Bombers Barcelona<br \/>\nPalau Robert<br \/>\nSOS Racisme<br \/>\nTibidabo<br \/>\nTurisme de Catalunya<br \/>\nUniversitat Oberta de Catalunya[\/vc_column_text][\/vc_column][\/vc_row]\n<\/div>","protected":false},"excerpt":{"rendered":"<p>[vc_row full_width=&#8221;stretch_row_content&#8221; offset_overlay_header=&#8221;yes&#8221;][vc_column][vc_column_text css=&#8221;&#8221; font_size=&#8221;d:25|tl:25|tp:25|pl:23|pp:23&#8243; font_family=&#8221;SharpGrotesk&#8221; text_align=&#8221;center&#8221; width=&#8221;1200&#8243; font_weight=&#8221;400&#8243; line_height=&#8221;1.5&#8243; color=&#8221;#282828&#8243;]Des de sempre, les hist\u00f2ries s\u2019han creat per donar sentit a les coses. Per aix\u00f2 nosaltres ens movem amb elles. Imaginatius, vers\u00e0tils i precisos. Pensem, sentim i produ\u00efm els formats de v\u00eddeo m\u00e9s adients arribant al cor a trav\u00e9s del cap. Els nostres clients s\u00f3n&hellip;<\/p>\n","protected":false},"author":1,"featured_media":0,"parent":0,"menu_order":0,"comment_status":"closed","ping_status":"closed","template":"","meta":{"_acf_changed":false,"footnotes":""},"class_list":["post-291","page","type-page","status-publish","hentry","entry","no-media"],"acf":[],"yoast_head":"<!-- This site is optimized with the Yoast SEO plugin v23.4 - https:\/\/yoast.com\/wordpress\/plugins\/seo\/ -->\n<title>About - Karavan Films<\/title>\n<meta name=\"robots\" content=\"index, follow, max-snippet:-1, max-image-preview:large, max-video-preview:-1\" \/>\n<link rel=\"canonical\" href=\"https:\/\/karavanfilms.com\/ca\/about\/\" \/>\n<meta property=\"og:locale\" content=\"ca_ES\" \/>\n<meta property=\"og:type\" content=\"article\" \/>\n<meta property=\"og:title\" content=\"About - Karavan Films\" \/>\n<meta property=\"og:description\" content=\"[vc_row full_width=&#8221;stretch_row_content&#8221; offset_overlay_header=&#8221;yes&#8221;][vc_column][vc_column_text css=&#8221;&#8221; font_size=&#8221;d:25|tl:25|tp:25|pl:23|pp:23&#8243; font_family=&#8221;SharpGrotesk&#8221; text_align=&#8221;center&#8221; width=&#8221;1200&#8243; font_weight=&#8221;400&#8243; line_height=&#8221;1.5&#8243; color=&#8221;#282828&#8243;]Des de sempre, les hist\u00f2ries s\u2019han creat per donar sentit a les coses. Per aix\u00f2 nosaltres ens movem amb elles. Imaginatius, vers\u00e0tils i precisos. Pensem, sentim i produ\u00efm els formats de v\u00eddeo m\u00e9s adients arribant al cor a trav\u00e9s del cap. Els nostres clients s\u00f3n&hellip;\" \/>\n<meta property=\"og:url\" content=\"https:\/\/karavanfilms.com\/ca\/about\/\" \/>\n<meta property=\"og:site_name\" content=\"Karavan Films\" \/>\n<meta property=\"article:modified_time\" content=\"2024-07-28T17:25:37+00:00\" \/>\n<meta property=\"og:image\" content=\"https:\/\/karavanfilms.com\/wp-content\/uploads\/2018\/09\/Logo_Karavan.jpg\" \/>\n\t<meta property=\"og:image:width\" content=\"1728\" \/>\n\t<meta property=\"og:image:height\" content=\"1080\" \/>\n\t<meta property=\"og:image:type\" content=\"image\/jpeg\" \/>\n<meta name=\"twitter:card\" content=\"summary_large_image\" \/>\n<meta name=\"twitter:label1\" content=\"Temps estimat de lectura\" \/>\n\t<meta name=\"twitter:data1\" content=\"2 minuts\" \/>\n<script type=\"application\/ld+json\" class=\"yoast-schema-graph\">{\"@context\":\"https:\/\/schema.org\",\"@graph\":[{\"@type\":\"WebPage\",\"@id\":\"https:\/\/karavanfilms.com\/ca\/about\/\",\"url\":\"https:\/\/karavanfilms.com\/ca\/about\/\",\"name\":\"About - Karavan Films\",\"isPartOf\":{\"@id\":\"https:\/\/karavanfilms.com\/#website\"},\"datePublished\":\"2018-07-02T20:57:24+00:00\",\"dateModified\":\"2024-07-28T17:25:37+00:00\",\"breadcrumb\":{\"@id\":\"https:\/\/karavanfilms.com\/ca\/about\/#breadcrumb\"},\"inLanguage\":\"ca\",\"potentialAction\":[{\"@type\":\"ReadAction\",\"target\":[\"https:\/\/karavanfilms.com\/ca\/about\/\"]}]},{\"@type\":\"BreadcrumbList\",\"@id\":\"https:\/\/karavanfilms.com\/ca\/about\/#breadcrumb\",\"itemListElement\":[{\"@type\":\"ListItem\",\"position\":1,\"name\":\"Portada\",\"item\":\"https:\/\/karavanfilms.com\/ca\/homepage_es-2\/\"},{\"@type\":\"ListItem\",\"position\":2,\"name\":\"About\"}]},{\"@type\":\"WebSite\",\"@id\":\"https:\/\/karavanfilms.com\/#website\",\"url\":\"https:\/\/karavanfilms.com\/\",\"name\":\"Karavan Films\",\"description\":\"Productora de continguts audiovisuals per a empreses, ag\u00e8ncies i TV.\",\"publisher\":{\"@id\":\"https:\/\/karavanfilms.com\/#organization\"},\"potentialAction\":[{\"@type\":\"SearchAction\",\"target\":{\"@type\":\"EntryPoint\",\"urlTemplate\":\"https:\/\/karavanfilms.com\/?s={search_term_string}\"},\"query-input\":{\"@type\":\"PropertyValueSpecification\",\"valueRequired\":true,\"valueName\":\"search_term_string\"}}],\"inLanguage\":\"ca\"},{\"@type\":\"Organization\",\"@id\":\"https:\/\/karavanfilms.com\/#organization\",\"name\":\"Karavan Films\",\"url\":\"https:\/\/karavanfilms.com\/\",\"logo\":{\"@type\":\"ImageObject\",\"inLanguage\":\"ca\",\"@id\":\"https:\/\/karavanfilms.com\/#\/schema\/logo\/image\/\",\"url\":\"https:\/\/karavanfilms.com\/wp-content\/uploads\/2018\/07\/logo.svg\",\"contentUrl\":\"https:\/\/karavanfilms.com\/wp-content\/uploads\/2018\/07\/logo.svg\",\"caption\":\"Karavan Films\"},\"image\":{\"@id\":\"https:\/\/karavanfilms.com\/#\/schema\/logo\/image\/\"},\"sameAs\":[\"https:\/\/vimeo.com\/karavanfilms\",\"https:\/\/www.linkedin.com\/company\/karavan-films\/\"]}]}<\/script>\n<!-- \/ Yoast SEO plugin. -->","yoast_head_json":{"title":"About - Karavan Films","robots":{"index":"index","follow":"follow","max-snippet":"max-snippet:-1","max-image-preview":"max-image-preview:large","max-video-preview":"max-video-preview:-1"},"canonical":"https:\/\/karavanfilms.com\/ca\/about\/","og_locale":"ca_ES","og_type":"article","og_title":"About - Karavan Films","og_description":"[vc_row full_width=&#8221;stretch_row_content&#8221; offset_overlay_header=&#8221;yes&#8221;][vc_column][vc_column_text css=&#8221;&#8221; font_size=&#8221;d:25|tl:25|tp:25|pl:23|pp:23&#8243; font_family=&#8221;SharpGrotesk&#8221; text_align=&#8221;center&#8221; width=&#8221;1200&#8243; font_weight=&#8221;400&#8243; line_height=&#8221;1.5&#8243; color=&#8221;#282828&#8243;]Des de sempre, les hist\u00f2ries s\u2019han creat per donar sentit a les coses. Per aix\u00f2 nosaltres ens movem amb elles. Imaginatius, vers\u00e0tils i precisos. Pensem, sentim i produ\u00efm els formats de v\u00eddeo m\u00e9s adients arribant al cor a trav\u00e9s del cap. Els nostres clients s\u00f3n&hellip;","og_url":"https:\/\/karavanfilms.com\/ca\/about\/","og_site_name":"Karavan Films","article_modified_time":"2024-07-28T17:25:37+00:00","og_image":[{"width":1728,"height":1080,"url":"https:\/\/karavanfilms.com\/wp-content\/uploads\/2018\/09\/Logo_Karavan.jpg","type":"image\/jpeg"}],"twitter_card":"summary_large_image","twitter_misc":{"Temps estimat de lectura":"2 minuts"},"schema":{"@context":"https:\/\/schema.org","@graph":[{"@type":"WebPage","@id":"https:\/\/karavanfilms.com\/ca\/about\/","url":"https:\/\/karavanfilms.com\/ca\/about\/","name":"About - Karavan Films","isPartOf":{"@id":"https:\/\/karavanfilms.com\/#website"},"datePublished":"2018-07-02T20:57:24+00:00","dateModified":"2024-07-28T17:25:37+00:00","breadcrumb":{"@id":"https:\/\/karavanfilms.com\/ca\/about\/#breadcrumb"},"inLanguage":"ca","potentialAction":[{"@type":"ReadAction","target":["https:\/\/karavanfilms.com\/ca\/about\/"]}]},{"@type":"BreadcrumbList","@id":"https:\/\/karavanfilms.com\/ca\/about\/#breadcrumb","itemListElement":[{"@type":"ListItem","position":1,"name":"Portada","item":"https:\/\/karavanfilms.com\/ca\/homepage_es-2\/"},{"@type":"ListItem","position":2,"name":"About"}]},{"@type":"WebSite","@id":"https:\/\/karavanfilms.com\/#website","url":"https:\/\/karavanfilms.com\/","name":"Karavan Films","description":"Productora de continguts audiovisuals per a empreses, ag\u00e8ncies i TV.","publisher":{"@id":"https:\/\/karavanfilms.com\/#organization"},"potentialAction":[{"@type":"SearchAction","target":{"@type":"EntryPoint","urlTemplate":"https:\/\/karavanfilms.com\/?s={search_term_string}"},"query-input":{"@type":"PropertyValueSpecification","valueRequired":true,"valueName":"search_term_string"}}],"inLanguage":"ca"},{"@type":"Organization","@id":"https:\/\/karavanfilms.com\/#organization","name":"Karavan Films","url":"https:\/\/karavanfilms.com\/","logo":{"@type":"ImageObject","inLanguage":"ca","@id":"https:\/\/karavanfilms.com\/#\/schema\/logo\/image\/","url":"https:\/\/karavanfilms.com\/wp-content\/uploads\/2018\/07\/logo.svg","contentUrl":"https:\/\/karavanfilms.com\/wp-content\/uploads\/2018\/07\/logo.svg","caption":"Karavan Films"},"image":{"@id":"https:\/\/karavanfilms.com\/#\/schema\/logo\/image\/"},"sameAs":["https:\/\/vimeo.com\/karavanfilms","https:\/\/www.linkedin.com\/company\/karavan-films\/"]}]}},"_links":{"self":[{"href":"https:\/\/karavanfilms.com\/ca\/wp-json\/wp\/v2\/pages\/291"}],"collection":[{"href":"https:\/\/karavanfilms.com\/ca\/wp-json\/wp\/v2\/pages"}],"about":[{"href":"https:\/\/karavanfilms.com\/ca\/wp-json\/wp\/v2\/types\/page"}],"author":[{"embeddable":true,"href":"https:\/\/karavanfilms.com\/ca\/wp-json\/wp\/v2\/users\/1"}],"replies":[{"embeddable":true,"href":"https:\/\/karavanfilms.com\/ca\/wp-json\/wp\/v2\/comments?post=291"}],"version-history":[{"count":9,"href":"https:\/\/karavanfilms.com\/ca\/wp-json\/wp\/v2\/pages\/291\/revisions"}],"predecessor-version":[{"id":1859,"href":"https:\/\/karavanfilms.com\/ca\/wp-json\/wp\/v2\/pages\/291\/revisions\/1859"}],"wp:attachment":[{"href":"https:\/\/karavanfilms.com\/ca\/wp-json\/wp\/v2\/media?parent=291"}],"curies":[{"name":"wp","href":"https:\/\/api.w.org\/{rel}","templated":true}]}}