{"id":1698,"date":"2024-07-12T18:50:48","date_gmt":"2024-07-12T16:50:48","guid":{"rendered":"https:\/\/karavanfilms.com\/novaweb\/?page_id=1698"},"modified":"2024-07-29T23:53:03","modified_gmt":"2024-07-29T21:53:03","slug":"politica-de-cookies","status":"publish","type":"page","link":"https:\/\/karavanfilms.com\/ca\/politica-de-cookies\/","title":{"rendered":"Pol\u00edtica de cookies"},"content":{"rendered":"<div class=\"wpb-content-wrapper\">[vc_section css_animation=&#8221;none&#8221; el_class=&#8221;wpb-animate-in-sequence&#8221; el_id=&#8221;max-width-pol&#8221;][vc_row css_animation=&#8221;none&#8221; remove_bottom_col_margin=&#8221;true&#8221; offset_overlay_header=&#8221;yes&#8221; css=&#8221;.vc_custom_1721235906036{padding-top: 40px !important;padding-bottom: 80px !important;}&#8221;][vc_column css_animation=&#8221;none&#8221;]<style>.vcex-heading.vcex_69ea3dd782e49{font-size:30px;font-family:SharpGrotesk, sans-serif;font-weight:800;line-height:1.1;}@media (max-width:1024px){.vcex-heading.vcex_69ea3dd782e49{font-size:30px;}}@media (max-width:959px){.vcex-heading.vcex_69ea3dd782e49{font-size:30px;}}@media (max-width:767px){.vcex-heading.vcex_69ea3dd782e49{font-size:25px;}}@media (max-width:479px){.vcex-heading.vcex_69ea3dd782e49{font-size:25px;}}<\/style><h2 class=\"vcex-heading vcex-heading-plain vcex-module wpex-heading wpex-text-2xl wpex-text-center vc_custom_1722188965806 vcex_69ea3dd782e49\"><span class=\"vcex-heading-inner wpex-inline-block\">Pol\u00edtica de cookies<\/span><\/h2><style>.vcex-heading.vcex_69ea3dd78e8e6{font-size:22px;font-family:SharpGrotesk, sans-serif;font-weight:400;line-height:1.2;}<\/style><h3 class=\"vcex-heading vcex-heading-plain vcex-module wpex-heading wpex-text-2xl wpex-text-center vc_custom_1722281684186 vcex_69ea3dd78e8e6\"><span class=\"vcex-heading-inner wpex-inline-block\">Qu\u00e8 s\u00f3n les cookies?<\/span><\/h3>[vc_column_text css=&#8221;&#8221; line_height=&#8221;1.8&#8243; text_align=&#8221;left&#8221;]Una cookie \u00e9s un fitxer que es descarrega al seu ordinador en accedir a determinades p\u00e0gines web. Les cookies permeten a una p\u00e0gina web, entre altres coses, emmagatzemar i recuperar informaci\u00f3 sobre els h\u00e0bits de navegaci\u00f3 d\u2019un usuari o del seu equip i, depenent de la informaci\u00f3 que continguin i de la forma en qu\u00e8 utilitzi el seu equip, es poden utilitzar per recon\u00e8ixer l\u2019usuari.<\/p>\n<p>El navegador de l\u2019usuari memoritza cookies al disc dur \u00fanicament durant la sessi\u00f3 actual ocupant un espai de mem\u00f2ria m\u00ednim i no perjudicant l\u2019ordinador. Les cookies no contenen cap mena d\u2019informaci\u00f3 personal espec\u00edfica, i la majoria d\u2019aquestes s\u2019esborren del disc dur en finalitzar la sessi\u00f3 de navegador (les anomenades cookies de sessi\u00f3).<\/p>\n<p>La majoria dels navegadors accepten com a est\u00e0ndard les cookies i, amb independ\u00e8ncia de les mateixes, permeten o impedeixen a la configuraci\u00f3 de seguretat les cookies temporals o memoritzades.<\/p>\n<p>Segons quina sigui l\u2019entitat que gestioni el domini des d\u2019on s\u2019envien les cookies i tracti les dades que s\u2019obtinguin es poden distingir dos tipus: cookies pr\u00f2pies i cookies de tercers. Existeix tamb\u00e9 una segona classificaci\u00f3 segons el termini de temps que romanen emmagatzemades al navegador del client, podent-se tractar de cookies de sessi\u00f3 o cookies persistents. Finalment, hi ha una altra classificaci\u00f3 amb cinc tipus de cookies segons la finalitat per a la qual es tractin les dades obtingudes: cookies t\u00e8cniques, cookies de personalitzaci\u00f3, cookies d\u2019an\u00e0lisi, cookies publicit\u00e0ries i cookies de publicitat comportamental. Per a m\u00e9s informaci\u00f3 pot consultar la <a href=\"https:\/\/www.interior.gob.es\/opencms\/documentacion\/Guia_de_Cookies.pdf\" target=\"_blank\" rel=\"noopener noreferrer\">Guia sobre l\u2019\u00fas de les cookies de l\u2019Ag\u00e8ncia Espanyola de Protecci\u00f3 de Dades<\/a>.[\/vc_column_text]<style>.vcex-heading.vcex_69ea3dd78eea0{font-size:22px;font-family:SharpGrotesk, sans-serif;font-weight:400;line-height:1.2;}<\/style><h3 class=\"vcex-heading vcex-heading-plain vcex-module wpex-heading wpex-text-2xl wpex-text-center vc_custom_1722281748091 vcex_69ea3dd78eea0\"><span class=\"vcex-heading-inner wpex-inline-block\">Quins tipus de cookies utilitza aquesta p\u00e0gina web?<\/span><\/h3>[vc_column_text css=&#8221;&#8221; line_height=&#8221;1.8&#8243; text_align=&#8221;left&#8221;]\n<h5 style=\"text-align: center;\"><strong>Cookies t\u00e8cniques<\/strong><\/h5>\n<p>S\u00f3n aquelles que permeten a l\u2019usuari la navegaci\u00f3 a trav\u00e9s d\u2019una p\u00e0gina web, plataforma o aplicaci\u00f3 i la utilitzaci\u00f3 de les diferents opcions o serveis que en ella hi hagi com, per exemple, controlar el tr\u00e0nsit i la comunicaci\u00f3 de dades, identificar la sessi\u00f3, accedir a parts d\u2019acc\u00e9s restringit, recordar els elements que integren una comanda, realitzar el proc\u00e9s de compra d\u2019una comanda, realitzar la sol\u00b7licitud d\u2019inscripci\u00f3 o participaci\u00f3 en un esdeveniment, utilitzar elements de seguretat durant la navegaci\u00f3, emmagatzemar continguts per a la difusi\u00f3 de v\u00eddeos o so o compartir continguts a trav\u00e9s de xarxes socials.<\/p>\n<p>Les cookies t\u00e8cniques s\u00f3n aquelles imprescindibles i estrictament necess\u00e0ries per al correcte funcionament de la p\u00e0gina web.<\/p>\n<p>Utilitzem la cookies cookieyes-consent per al funcionament de l\u2019av\u00eds de la pol\u00edtica de cookies de la p\u00e0gina web i per recordar la prefer\u00e8ncia de l\u2019usuari sobre l\u2019acceptaci\u00f3 o no d\u2019aquesta informaci\u00f3.<\/p>\n<h5 style=\"text-align: center;\"><strong>Cookies d\u2019an\u00e0lisi<\/strong><\/h5>\n<p>S\u00f3n aquelles que, tractades per nosaltres o per tercers, ens permeten quantificar el nombre d\u2019usuaris i aix\u00ed realitzar el mesurament i an\u00e0lisi estad\u00edstica de la utilitzaci\u00f3 que fan els usuaris del servei ofert. Per a aix\u00f2 s\u2019analitza la seva navegaci\u00f3 a la nostra p\u00e0gina web amb la finalitat de millorar l\u2019oferta de productes o serveis que li oferim.<\/p>\n<p>Aquesta p\u00e0gina web utilitza Google Analytics, un servei d\u2019anal\u00edtica web desenvolupada per Google, que permet el mesurament i an\u00e0lisi de la navegaci\u00f3 a les p\u00e0gines web. En el seu navegador podr\u00e0 observar les cookies: _ga, _gat_gtag i _gid.<\/p>\n<p>A trav\u00e9s de l\u2019anal\u00edtica web s\u2019obt\u00e9 informaci\u00f3 relativa al n\u00famero d\u2019usuaris que accedeixen al web, el n\u00famero de p\u00e0gines vistes, la freq\u00fc\u00e8ncia i repetici\u00f3 de les visites, la seva durada, el navegador utilitzat, l\u2019operador que presta el servei, l\u2019idioma, el terminal que utilitza, o la ciutat a la qual est\u00e0 assignada la seva adre\u00e7a IP. Informaci\u00f3 que possibilita un millor i m\u00e9s apropiat servei per part d\u2019aquesta p\u00e0gina web. Per a m\u00e9s informaci\u00f3, podeu consultar la pol\u00edtica de privadesa de Google: <a href=\"https:\/\/www.google.es\/intl\/es\/policies\/privacy\/\" target=\"_blank\" rel=\"noopener noreferrer\">https:\/\/www.google.es\/intl\/es\/policies\/privacy\/<\/a>[\/vc_column_text]<style>.vcex-heading.vcex_69ea3dd78f35e{font-size:22px;font-family:SharpGrotesk, sans-serif;font-weight:400;line-height:1.2;}<\/style><h3 class=\"vcex-heading vcex-heading-plain vcex-module wpex-heading wpex-text-2xl wpex-text-center vc_custom_1722281795917 vcex_69ea3dd78f35e\"><span class=\"vcex-heading-inner wpex-inline-block\">Quin \u00fas li donem als diferents tipus de cookies?<\/span><\/h3>[vc_column_text css=&#8221;.vc_custom_1722286991893{margin-bottom: 40px !important;}&#8221; line_height=&#8221;1.8&#8243; text_align=&#8221;left&#8221;]\n<h5 style=\"text-align: center;\"><strong>Segons la seva finalitat:<\/strong><\/h5>\n<table class=\"dcf-table dcf-table-responsive dcf-table-bordered dcf-table-striped dcf-w-100%\">\n<tbody>\n<tr>\n<td><strong>Cookies t\u00e8cniques<\/strong><\/td>\n<td>Les cookies t\u00e8cniques s\u00f3n aquelles faciliten la navegaci\u00f3 de l&#8217;usuari i la utilitzaci\u00f3 de les diferents opcions o serveis que ofereix la web com identificar la sessi\u00f3, permetre l&#8217;acc\u00e9s a determinades \u00e0rees, facilitar comandes, compres, emplenament de formularis, inscripcions, seguretat, facilitar funcionalitats (v\u00eddeos, xarxes socials\u2026).<\/td>\n<\/tr>\n<tr>\n<td><strong>Cookies de personalitzaci\u00f3<\/strong><\/td>\n<td>Les cookies de personalitzaci\u00f3 permeten a l&#8217;usuari accedir als serveis segons les seves prefer\u00e8ncies (idioma, navegador, configuraci\u00f3\u2026).<\/td>\n<\/tr>\n<tr>\n<td><strong>Cookies anal\u00edtiques<\/strong><\/td>\n<td>Les cookies d&#8217;an\u00e0lisis s\u00f3n les utilitzades per a dur a terme l&#8217;an\u00e0lisi an\u00f2nima del comportament dels usuaris de la web i que permeten mesurar l&#8217;activitat de l&#8217;usuari i elaborar perfils de navegaci\u00f3 amb la fi objectiva de millorar els llocs web.<\/td>\n<\/tr>\n<tr>\n<td><strong>Cookies publicit\u00e0ries<\/strong><\/td>\n<td>Les cookies publicit\u00e0ries permeten la gesti\u00f3 dels espais publicitaris de la web. A m\u00e9s, aquestes cookies poden ser de publicitat personalitzada i permetre aix\u00ed la gesti\u00f3 dels espais publicitaris de la web sobre la base del comportament i h\u00e0bits de navegaci\u00f3 d&#8217;usuari, d&#8217;on s&#8217;obt\u00e9 el seu perfil i permeten personalitzar la publicitat que es mostra en el navegador de l&#8217;usuari o altres perfils i xarxes socials de l&#8217;usuari.<\/td>\n<\/tr>\n<\/tbody>\n<\/table>\n[\/vc_column_text][vc_column_text css=&#8221;.vc_custom_1722286999663{margin-bottom: 40px !important;}&#8221; line_height=&#8221;1.8&#8243; text_align=&#8221;left&#8221;]\n<h5 style=\"text-align: center;\"><strong>Segons el seu termini:<\/strong><\/h5>\n<table class=\"dcf-table dcf-table-responsive dcf-table-bordered dcf-table-striped dcf-w-100%\">\n<tbody>\n<tr>\n<td><strong>Cookies de sessi\u00f3<\/strong><\/td>\n<td>Les cookies de sessi\u00f3 s\u00f3n aquelles que duren el temps que l&#8217;usuari est\u00e0 navegant per la p\u00e0gina Web i s&#8217;esborren en tancar el navegador.<\/td>\n<\/tr>\n<tr>\n<td><strong>Cookies persistents<\/strong><\/td>\n<td>Aquestes cookies queden emmagatzemades en el terminal de l&#8217;usuari fins que s\u00f3n eliminades manualment o hagi concl\u00f2s el per\u00edode de durada establert per a aquesta cookie.<\/td>\n<\/tr>\n<\/tbody>\n<\/table>\n[\/vc_column_text][vc_column_text css=&#8221;.vc_custom_1722287009923{margin-bottom: 40px !important;}&#8221; line_height=&#8221;1.8&#8243; text_align=&#8221;left&#8221;]\n<h5 style=\"text-align: center;\"><strong>Segons la seva titularitat:<\/strong><\/h5>\n<table class=\"dcf-table dcf-table-responsive dcf-table-bordered dcf-table-striped dcf-w-100%\">\n<tbody>\n<tr>\n<td><strong>Cookies pr\u00f2pies<\/strong><\/td>\n<td>Aquelles que s&#8217;envien a l&#8217;equip terminal de l&#8217;usuari des d&#8217;un equip o domini gestionat pel propi editor i des del qual es presta el servei sol\u00b7licitat per l&#8217;usuari.<\/td>\n<\/tr>\n<tr>\n<td><strong>Cookies de tercers<\/strong><\/td>\n<td>Aquelles que s&#8217;envien a l&#8217;equip terminal de l&#8217;usuari des d&#8217;un equip o domini que no \u00e9s gestionat per l&#8217;editor, sin\u00f3 per una altra entitat que tracta les dades obtingudes trav\u00e9s de les cookies.<\/td>\n<\/tr>\n<\/tbody>\n<\/table>\n[\/vc_column_text][vc_column_text css=&#8221;&#8221; line_height=&#8221;1.8&#8243; text_align=&#8221;left&#8221;]La seg\u00fcent taula recull la classificaci\u00f3 i descripci\u00f3 de les cookies utilitzades en la present p\u00e0gina web perqu\u00e8 puguis identificar-les en el teu navegador:[\/vc_column_text][vc_column_text line_height=&#8221;1.3&#8243; text_align=&#8221;left&#8221;]\n<div class=\"cky-audit-table-element\"><\/div>\n[\/vc_column_text]<style>.vcex-heading.vcex_69ea3dd78f807{font-size:22px;font-family:SharpGrotesk, sans-serif;font-weight:400;line-height:1.2;}<\/style><h3 class=\"vcex-heading vcex-heading-plain vcex-module wpex-heading wpex-text-2xl wpex-text-center vc_custom_1722281911082 vcex_69ea3dd78f807\"><span class=\"vcex-heading-inner wpex-inline-block\">Acceptaci\u00f3 de la pol\u00edtica de cookies<\/span><\/h3>[vc_column_text css=&#8221;&#8221; line_height=&#8221;1.8&#8243; text_align=&#8221;left&#8221;]L&#8217;usuari accepta expressament, per la utilitzaci\u00f3 d&#8217;aquest Site, el tractament de la informaci\u00f3 recollida en la forma i amb els fins anteriorment esmentats. I aix\u00ed mateix reconeix con\u00e8ixer la possibilitat de rebutjar el tractament d&#8217;aquestes dades o informaci\u00f3 rebutjant l&#8217;\u00fas de cookies mitjan\u00e7ant la selecci\u00f3 de la configuraci\u00f3 apropiada a tal fi en el seu navegador. Si b\u00e9 aquesta opci\u00f3 de bloqueig de Cookies en el seu navegador pot no permetre l&#8217;\u00fas ple de totes les funcionalitats del lloc Web.<\/p>\n<p>D&#8217;aquesta manera, et mostrem informaci\u00f3 sobre la pol\u00edtica de cookies a la part inferior de les p\u00e0gines del site per tal que en siguis conscient. Davant aquesta informaci\u00f3 \u00e9s possible dur a terme les seg\u00fcents accions:<\/p>\n<ul>\n<li>Amagar aquest missatge. S&#8217;oculta l&#8217;av\u00eds a la present p\u00e0gina.<\/li>\n<li>Modificar la seva configuraci\u00f3. Podr\u00e0 obtenir m\u00e9s informaci\u00f3 sobre qu\u00e8 s\u00f3n les cookies, con\u00e8ixer la pol\u00edtica de cookies i modificar la configuraci\u00f3 del seu navegador.<\/li>\n<\/ul>\n[\/vc_column_text]<style>.vcex-heading.vcex_69ea3dd78fc60{font-size:22px;font-family:SharpGrotesk, sans-serif;font-weight:400;line-height:1.2;}<\/style><h3 class=\"vcex-heading vcex-heading-plain vcex-module wpex-heading wpex-text-2xl wpex-text-center vc_custom_1722281938335 vcex_69ea3dd78fc60\"><span class=\"vcex-heading-inner wpex-inline-block\">Com bloquejar o eliminar les cookies?<\/span><\/h3>[vc_column_text css=&#8221;&#8221; line_height=&#8221;1.8&#8243; text_align=&#8221;left&#8221;]Pots permetre, bloquejar o eliminar les cookies instal\u00b7lades en el seu equip mitjan\u00e7ant la configuraci\u00f3 de les opcions del navegador instal\u00b7lat al seu ordinador:<\/p>\n<ul>\n<li>Internet Explorer: <a href=\"https:\/\/support.microsoft.com\/es-es\/help\/278835\/how-to-delete-cookie-files-in-internet-explorer\" target=\"_blank\" rel=\"noopener noreferrer\">https:\/\/support.microsoft.com\/es-es\/help\/278835\/how-to-delete-cookie-files-in-internet-explorer<\/a><\/li>\n<li>FireFox: <a href=\"https:\/\/support.mozilla.org\/es\/kb\/cookies-informacion-que-los-sitios-web-guardan-en-?redirectlocale=en-US&amp;redirectslug=Cookies\" target=\"_blank\" rel=\"noopener noreferrer\">https:\/\/support.mozilla.org\/es\/kb\/cookies-informacion-que-los-sitios-web-guardan-en-?redirectlocale=en-US&amp;redirectslug=Cookies<\/a><\/li>\n<li>Chromerinsight: <a href=\"https:\/\/support.google.com\/chrome\/answer\/95647\" target=\"_blank\" rel=\"noopener noreferrer\">https:\/\/support.google.com\/chrome\/answer\/95647<\/a><\/li>\n<li>Safari: <a href=\"https:\/\/support.apple.com\/es-es\/guide\/safari\/sfri11471\/mac\" target=\"_blank\" rel=\"noopener noreferrer\">https:\/\/support.apple.com\/es-es\/guide\/safari\/sfri11471\/mac<\/a><\/li>\n<\/ul>\n<p>Si tens dubtes sobre aquesta pol\u00edtica de cookies, contacta amb nosaltres.[\/vc_column_text][\/vc_column][\/vc_row][\/vc_section]\n<\/div>","protected":false},"excerpt":{"rendered":"<p>[vc_section css_animation=&#8221;none&#8221; el_class=&#8221;wpb-animate-in-sequence&#8221; el_id=&#8221;max-width-pol&#8221;][vc_row css_animation=&#8221;none&#8221; remove_bottom_col_margin=&#8221;true&#8221; offset_overlay_header=&#8221;yes&#8221; css=&#8221;.vc_custom_1721235906036{padding-top: 40px !important;padding-bottom: 80px !important;}&#8221;][vc_column css_animation=&#8221;none&#8221;][vc_column_text css=&#8221;&#8221; line_height=&#8221;1.8&#8243; text_align=&#8221;left&#8221;]Una cookie \u00e9s un fitxer que es descarrega al seu ordinador en accedir a determinades p\u00e0gines web. Les cookies permeten a una p\u00e0gina web, entre altres coses, emmagatzemar i recuperar informaci\u00f3 sobre els h\u00e0bits de navegaci\u00f3 d\u2019un usuari o del&hellip;<\/p>\n","protected":false},"author":1,"featured_media":0,"parent":0,"menu_order":0,"comment_status":"closed","ping_status":"closed","template":"","meta":{"_acf_changed":false,"footnotes":""},"class_list":["post-1698","page","type-page","status-publish","hentry","entry","no-media"],"acf":[],"yoast_head":"<!-- This site is optimized with the Yoast SEO plugin v23.4 - https:\/\/yoast.com\/wordpress\/plugins\/seo\/ -->\n<title>Pol\u00edtica de cookies - Karavan Films<\/title>\n<meta name=\"robots\" content=\"index, follow, max-snippet:-1, max-image-preview:large, max-video-preview:-1\" \/>\n<link rel=\"canonical\" href=\"https:\/\/karavanfilms.com\/ca\/politica-de-cookies\/\" \/>\n<meta property=\"og:locale\" content=\"ca_ES\" \/>\n<meta property=\"og:type\" content=\"article\" \/>\n<meta property=\"og:title\" content=\"Pol\u00edtica de cookies - Karavan Films\" \/>\n<meta property=\"og:description\" content=\"[vc_section css_animation=&#8221;none&#8221; el_class=&#8221;wpb-animate-in-sequence&#8221; el_id=&#8221;max-width-pol&#8221;][vc_row css_animation=&#8221;none&#8221; remove_bottom_col_margin=&#8221;true&#8221; offset_overlay_header=&#8221;yes&#8221; css=&#8221;.vc_custom_1721235906036{padding-top: 40px !important;padding-bottom: 80px !important;}&#8221;][vc_column css_animation=&#8221;none&#8221;][vc_column_text css=&#8221;&#8221; line_height=&#8221;1.8&#8243; text_align=&#8221;left&#8221;]Una cookie \u00e9s un fitxer que es descarrega al seu ordinador en accedir a determinades p\u00e0gines web. Les cookies permeten a una p\u00e0gina web, entre altres coses, emmagatzemar i recuperar informaci\u00f3 sobre els h\u00e0bits de navegaci\u00f3 d\u2019un usuari o del&hellip;\" \/>\n<meta property=\"og:url\" content=\"https:\/\/karavanfilms.com\/ca\/politica-de-cookies\/\" \/>\n<meta property=\"og:site_name\" content=\"Karavan Films\" \/>\n<meta property=\"article:modified_time\" content=\"2024-07-29T21:53:03+00:00\" \/>\n<meta property=\"og:image\" content=\"https:\/\/karavanfilms.com\/wp-content\/uploads\/2018\/09\/Logo_Karavan.jpg\" \/>\n\t<meta property=\"og:image:width\" content=\"1728\" \/>\n\t<meta property=\"og:image:height\" content=\"1080\" \/>\n\t<meta property=\"og:image:type\" content=\"image\/jpeg\" \/>\n<meta name=\"twitter:card\" content=\"summary_large_image\" \/>\n<meta name=\"twitter:label1\" content=\"Temps estimat de lectura\" \/>\n\t<meta name=\"twitter:data1\" content=\"8 minuts\" \/>\n<script type=\"application\/ld+json\" class=\"yoast-schema-graph\">{\"@context\":\"https:\/\/schema.org\",\"@graph\":[{\"@type\":\"WebPage\",\"@id\":\"https:\/\/karavanfilms.com\/ca\/politica-de-cookies\/\",\"url\":\"https:\/\/karavanfilms.com\/ca\/politica-de-cookies\/\",\"name\":\"Pol\u00edtica de cookies - Karavan Films\",\"isPartOf\":{\"@id\":\"https:\/\/karavanfilms.com\/#website\"},\"datePublished\":\"2024-07-12T16:50:48+00:00\",\"dateModified\":\"2024-07-29T21:53:03+00:00\",\"breadcrumb\":{\"@id\":\"https:\/\/karavanfilms.com\/ca\/politica-de-cookies\/#breadcrumb\"},\"inLanguage\":\"ca\",\"potentialAction\":[{\"@type\":\"ReadAction\",\"target\":[\"https:\/\/karavanfilms.com\/ca\/politica-de-cookies\/\"]}]},{\"@type\":\"BreadcrumbList\",\"@id\":\"https:\/\/karavanfilms.com\/ca\/politica-de-cookies\/#breadcrumb\",\"itemListElement\":[{\"@type\":\"ListItem\",\"position\":1,\"name\":\"Portada\",\"item\":\"https:\/\/karavanfilms.com\/ca\/homepage_es-2\/\"},{\"@type\":\"ListItem\",\"position\":2,\"name\":\"Pol\u00edtica de cookies\"}]},{\"@type\":\"WebSite\",\"@id\":\"https:\/\/karavanfilms.com\/#website\",\"url\":\"https:\/\/karavanfilms.com\/\",\"name\":\"Karavan Films\",\"description\":\"Productora de continguts audiovisuals per a empreses, ag\u00e8ncies i TV.\",\"publisher\":{\"@id\":\"https:\/\/karavanfilms.com\/#organization\"},\"potentialAction\":[{\"@type\":\"SearchAction\",\"target\":{\"@type\":\"EntryPoint\",\"urlTemplate\":\"https:\/\/karavanfilms.com\/?s={search_term_string}\"},\"query-input\":{\"@type\":\"PropertyValueSpecification\",\"valueRequired\":true,\"valueName\":\"search_term_string\"}}],\"inLanguage\":\"ca\"},{\"@type\":\"Organization\",\"@id\":\"https:\/\/karavanfilms.com\/#organization\",\"name\":\"Karavan Films\",\"url\":\"https:\/\/karavanfilms.com\/\",\"logo\":{\"@type\":\"ImageObject\",\"inLanguage\":\"ca\",\"@id\":\"https:\/\/karavanfilms.com\/#\/schema\/logo\/image\/\",\"url\":\"https:\/\/karavanfilms.com\/wp-content\/uploads\/2018\/07\/logo.svg\",\"contentUrl\":\"https:\/\/karavanfilms.com\/wp-content\/uploads\/2018\/07\/logo.svg\",\"caption\":\"Karavan Films\"},\"image\":{\"@id\":\"https:\/\/karavanfilms.com\/#\/schema\/logo\/image\/\"},\"sameAs\":[\"https:\/\/vimeo.com\/karavanfilms\",\"https:\/\/www.linkedin.com\/company\/karavan-films\/\"]}]}<\/script>\n<!-- \/ Yoast SEO plugin. -->","yoast_head_json":{"title":"Pol\u00edtica de cookies - Karavan Films","robots":{"index":"index","follow":"follow","max-snippet":"max-snippet:-1","max-image-preview":"max-image-preview:large","max-video-preview":"max-video-preview:-1"},"canonical":"https:\/\/karavanfilms.com\/ca\/politica-de-cookies\/","og_locale":"ca_ES","og_type":"article","og_title":"Pol\u00edtica de cookies - Karavan Films","og_description":"[vc_section css_animation=&#8221;none&#8221; el_class=&#8221;wpb-animate-in-sequence&#8221; el_id=&#8221;max-width-pol&#8221;][vc_row css_animation=&#8221;none&#8221; remove_bottom_col_margin=&#8221;true&#8221; offset_overlay_header=&#8221;yes&#8221; css=&#8221;.vc_custom_1721235906036{padding-top: 40px !important;padding-bottom: 80px !important;}&#8221;][vc_column css_animation=&#8221;none&#8221;][vc_column_text css=&#8221;&#8221; line_height=&#8221;1.8&#8243; text_align=&#8221;left&#8221;]Una cookie \u00e9s un fitxer que es descarrega al seu ordinador en accedir a determinades p\u00e0gines web. Les cookies permeten a una p\u00e0gina web, entre altres coses, emmagatzemar i recuperar informaci\u00f3 sobre els h\u00e0bits de navegaci\u00f3 d\u2019un usuari o del&hellip;","og_url":"https:\/\/karavanfilms.com\/ca\/politica-de-cookies\/","og_site_name":"Karavan Films","article_modified_time":"2024-07-29T21:53:03+00:00","og_image":[{"width":1728,"height":1080,"url":"https:\/\/karavanfilms.com\/wp-content\/uploads\/2018\/09\/Logo_Karavan.jpg","type":"image\/jpeg"}],"twitter_card":"summary_large_image","twitter_misc":{"Temps estimat de lectura":"8 minuts"},"schema":{"@context":"https:\/\/schema.org","@graph":[{"@type":"WebPage","@id":"https:\/\/karavanfilms.com\/ca\/politica-de-cookies\/","url":"https:\/\/karavanfilms.com\/ca\/politica-de-cookies\/","name":"Pol\u00edtica de cookies - Karavan Films","isPartOf":{"@id":"https:\/\/karavanfilms.com\/#website"},"datePublished":"2024-07-12T16:50:48+00:00","dateModified":"2024-07-29T21:53:03+00:00","breadcrumb":{"@id":"https:\/\/karavanfilms.com\/ca\/politica-de-cookies\/#breadcrumb"},"inLanguage":"ca","potentialAction":[{"@type":"ReadAction","target":["https:\/\/karavanfilms.com\/ca\/politica-de-cookies\/"]}]},{"@type":"BreadcrumbList","@id":"https:\/\/karavanfilms.com\/ca\/politica-de-cookies\/#breadcrumb","itemListElement":[{"@type":"ListItem","position":1,"name":"Portada","item":"https:\/\/karavanfilms.com\/ca\/homepage_es-2\/"},{"@type":"ListItem","position":2,"name":"Pol\u00edtica de cookies"}]},{"@type":"WebSite","@id":"https:\/\/karavanfilms.com\/#website","url":"https:\/\/karavanfilms.com\/","name":"Karavan Films","description":"Productora de continguts audiovisuals per a empreses, ag\u00e8ncies i TV.","publisher":{"@id":"https:\/\/karavanfilms.com\/#organization"},"potentialAction":[{"@type":"SearchAction","target":{"@type":"EntryPoint","urlTemplate":"https:\/\/karavanfilms.com\/?s={search_term_string}"},"query-input":{"@type":"PropertyValueSpecification","valueRequired":true,"valueName":"search_term_string"}}],"inLanguage":"ca"},{"@type":"Organization","@id":"https:\/\/karavanfilms.com\/#organization","name":"Karavan Films","url":"https:\/\/karavanfilms.com\/","logo":{"@type":"ImageObject","inLanguage":"ca","@id":"https:\/\/karavanfilms.com\/#\/schema\/logo\/image\/","url":"https:\/\/karavanfilms.com\/wp-content\/uploads\/2018\/07\/logo.svg","contentUrl":"https:\/\/karavanfilms.com\/wp-content\/uploads\/2018\/07\/logo.svg","caption":"Karavan Films"},"image":{"@id":"https:\/\/karavanfilms.com\/#\/schema\/logo\/image\/"},"sameAs":["https:\/\/vimeo.com\/karavanfilms","https:\/\/www.linkedin.com\/company\/karavan-films\/"]}]}},"_links":{"self":[{"href":"https:\/\/karavanfilms.com\/ca\/wp-json\/wp\/v2\/pages\/1698"}],"collection":[{"href":"https:\/\/karavanfilms.com\/ca\/wp-json\/wp\/v2\/pages"}],"about":[{"href":"https:\/\/karavanfilms.com\/ca\/wp-json\/wp\/v2\/types\/page"}],"author":[{"embeddable":true,"href":"https:\/\/karavanfilms.com\/ca\/wp-json\/wp\/v2\/users\/1"}],"replies":[{"embeddable":true,"href":"https:\/\/karavanfilms.com\/ca\/wp-json\/wp\/v2\/comments?post=1698"}],"version-history":[{"count":12,"href":"https:\/\/karavanfilms.com\/ca\/wp-json\/wp\/v2\/pages\/1698\/revisions"}],"predecessor-version":[{"id":1900,"href":"https:\/\/karavanfilms.com\/ca\/wp-json\/wp\/v2\/pages\/1698\/revisions\/1900"}],"wp:attachment":[{"href":"https:\/\/karavanfilms.com\/ca\/wp-json\/wp\/v2\/media?parent=1698"}],"curies":[{"name":"wp","href":"https:\/\/api.w.org\/{rel}","templated":true}]}}